{"id":344,"date":"2016-01-06T11:31:27","date_gmt":"2016-01-06T11:31:27","guid":{"rendered":"http:\/\/consulting.stylemixthemes.com\/?page_id=344"},"modified":"2016-01-06T11:31:27","modified_gmt":"2016-01-06T11:31:27","slug":"our-approach","status":"publish","type":"page","link":"https:\/\/www.ngs.com.ec\/?page_id=344","title":{"rendered":"Our approach"},"content":{"rendered":"\t\t<div data-elementor-type=\"wp-page\" data-elementor-id=\"344\" class=\"elementor elementor-344\">\n\t\t\t\t\t\t<section class=\"elementor-section elementor-top-section elementor-element elementor-element-9aa801e elementor-section-boxed elementor-section-height-default elementor-section-height-default\" data-id=\"9aa801e\" data-element_type=\"section\" data-e-type=\"section\" data-settings=\"{&quot;background_background&quot;:&quot;classic&quot;}\">\n\t\t\t\t\t\t<div class=\"elementor-container elementor-column-gap-default\">\n\t\t\t\t\t<div class=\"elementor-column elementor-col-100 elementor-top-column elementor-element elementor-element-9aa8764\" data-id=\"9aa8764\" data-element_type=\"column\" data-e-type=\"column\">\n\t\t\t<div class=\"elementor-widget-wrap elementor-element-populated\">\n\t\t\t\t\t\t<div class=\"elementor-element elementor-element-9aa8ddd elementor-widget elementor-widget-wp-widget-rev-slider-widget\" data-id=\"9aa8ddd\" data-element_type=\"widget\" data-e-type=\"widget\" data-widget_type=\"wp-widget-rev-slider-widget.default\">\n\t\t\t\t<div class=\"elementor-widget-container\">\n\t\t\t\t\t\t\t\t<rs-module-wrap id=\"rev_slider_error_0_wrapper\">\n\t\t\t\t<rs-module id=\"rev_slider_error_0\">\n\t\t\t\t\t<div class=\"rs_error_message_box\">\n\t\t\t\t\t\t<div class=\"rs_error_message_oops\">Oops...<\/div>\n\t\t\t\t\t\t<div class=\"rs_error_message_content\">Slider not found.<\/div>\n\t\t\t\t\t<\/div>\n\t\t\t\t<\/rs-module>\n\t\t\t<\/rs-module-wrap>\n\t\t\t<script type=\"text\/javascript\">\n\t\t\t\tvar rs_eslider = document.getElementById(\"rev_slider_error_0\");\n\t\t\t\trs_eslider.style.display = \"none\";\n\t\t\t\tconsole.log(\"Slider not found.\");\n\t\t\t<\/script>\n\t\t\t\t<\/div>\n\t\t\t\t<\/div>\n\t\t\t\t<div class=\"elementor-element elementor-element-9aa9111 elementor-widget elementor-widget-text-editor\" data-id=\"9aa9111\" data-element_type=\"widget\" data-e-type=\"widget\" data-widget_type=\"text-editor.default\">\n\t\t\t\t<div class=\"elementor-widget-container\">\n\t\t\t\t\t\t\t\t\t<h2>our approach<\/h2>\n<p>Consulting WP approaches every client\u2019s business as if it were our own. We believe a consulting firm should be more than an advisor. We put ourselves in our clients\u2019 shoes, align our incentives with their objectives, and collaborate to unlock the full potential of their business. This builds deep and enjoyable relationships.<\/p>\n<p>The right approach is necessary for the right outcome. Consulting WP approaches work by applying its external knowledge to your organization\u2019s internal way of doing work. We know that in order to maximize the potential of success for your company we need to shape our expert advice in a way that applies to your way of doing business. This allows us to create rich relationships with our clients.<\/p>\n\t\t\t\t\t\t\t\t<\/div>\n\t\t\t\t<\/div>\n\t\t\t\t<section class=\"elementor-section elementor-top-section elementor-element elementor-element-9aa997e elementor-section-boxed elementor-section-height-default elementor-section-height-default\" data-id=\"9aa997e\" data-element_type=\"section\" data-e-type=\"section\" data-settings=\"{&quot;background_background&quot;:&quot;classic&quot;}\">\n\t\t\t\t\t\t<div class=\"elementor-container elementor-column-gap-default\">\n\t\t\t\t\t<div class=\"elementor-column elementor-col-50 elementor-top-column elementor-element elementor-element-9aa9fed\" data-id=\"9aa9fed\" data-element_type=\"column\" data-e-type=\"column\">\n\t\t\t<div class=\"elementor-widget-wrap elementor-element-populated\">\n\t\t\t\t\t\t<div class=\"elementor-element elementor-element-9aaa56d elementor-widget elementor-widget-stm_icon_box\" data-id=\"9aaa56d\" data-element_type=\"widget\" data-e-type=\"widget\" data-widget_type=\"stm_icon_box.default\">\n\t\t\t\t<div class=\"elementor-widget-container\">\n\t\t\t\t\t\n\n\n            <div onClick=\"return true\" class=\"icon_box  elementor-consulting-icon-box hexagon hexanog_animation style_1 icon_left clearfix\">\n                <div class=\"icon  font-color_default font-color_base_bg\" style=\"width:78px\">\n            <i style=\"font-size:15px;  \"\n               class=\"stm-airplane\"><\/i><\/div>\n        <div class=\"icon_text\">\n                    <h5  class=\"font-color_base no_stripe\">Travel and Aviation<br \/>\nConsulting\n<\/h5>\n                <p>Armed with statistical knowledge, technical expertise, and fact based prediction, we allow your business to truly soar. <\/p>\n    <\/div>\n            <\/div>\n    \n\t\t\t\t<\/div>\n\t\t\t\t<\/div>\n\t\t\t\t\t<\/div>\n\t\t<\/div>\n\t\t\t\t<div class=\"elementor-column elementor-col-50 elementor-top-column elementor-element elementor-element-9aaa712\" data-id=\"9aaa712\" data-element_type=\"column\" data-e-type=\"column\">\n\t\t\t<div class=\"elementor-widget-wrap elementor-element-populated\">\n\t\t\t\t\t\t<div class=\"elementor-element elementor-element-9aaac1f elementor-widget elementor-widget-stm_icon_box\" data-id=\"9aaac1f\" data-element_type=\"widget\" data-e-type=\"widget\" data-widget_type=\"stm_icon_box.default\">\n\t\t\t\t<div class=\"elementor-widget-container\">\n\t\t\t\t\t\n\n\n            <div onClick=\"return true\" class=\"icon_box  elementor-consulting-icon-box hexagon hexanog_animation style_1 icon_left clearfix\">\n                <div class=\"icon  font-color_default font-color_base_bg\" style=\"width:78px\">\n            <i style=\"font-size:22px;  \"\n               class=\"stm-graph\"><\/i><\/div>\n        <div class=\"icon_text\">\n                    <h5  class=\"font-color_base no_stripe\">Business Services<br \/>\nConsulting\n<\/h5>\n                <p>We help you shape and position your business services in a way that enhances the output of your clients.<\/p>\n    <\/div>\n            <\/div>\n    \n\t\t\t\t<\/div>\n\t\t\t\t<\/div>\n\t\t\t\t\t<\/div>\n\t\t<\/div>\n\t\t\t\t\t<\/div>\n\t\t<\/section>\n\t\t\t\t<section class=\"elementor-section elementor-top-section elementor-element elementor-element-9aaadbe elementor-section-boxed elementor-section-height-default elementor-section-height-default\" data-id=\"9aaadbe\" data-element_type=\"section\" data-e-type=\"section\" data-settings=\"{&quot;background_background&quot;:&quot;classic&quot;}\">\n\t\t\t\t\t\t<div class=\"elementor-container elementor-column-gap-default\">\n\t\t\t\t\t<div class=\"elementor-column elementor-col-50 elementor-top-column elementor-element elementor-element-9aab3ea\" data-id=\"9aab3ea\" data-element_type=\"column\" data-e-type=\"column\">\n\t\t\t<div class=\"elementor-widget-wrap elementor-element-populated\">\n\t\t\t\t\t\t<div class=\"elementor-element elementor-element-9aab970 elementor-widget elementor-widget-stm_icon_box\" data-id=\"9aab970\" data-element_type=\"widget\" data-e-type=\"widget\" data-widget_type=\"stm_icon_box.default\">\n\t\t\t\t<div class=\"elementor-widget-container\">\n\t\t\t\t\t\n\n\n            <div onClick=\"return true\" class=\"icon_box  elementor-consulting-icon-box hexagon hexanog_animation style_1 icon_left clearfix\">\n                <div class=\"icon  font-color_default font-color_base_bg\" style=\"width:78px\">\n            <i style=\"font-size:21px;  \"\n               class=\"stm-cart\"><\/i><\/div>\n        <div class=\"icon_text\">\n                    <h5  class=\"font-color_base no_stripe\">Consumer Products<br \/>\nConsulting\n<\/h5>\n                <p>We help companies dealing in consumer products create and present products that perfectly blend in with the zeitgeist.<\/p>\n    <\/div>\n            <\/div>\n    \n\t\t\t\t<\/div>\n\t\t\t\t<\/div>\n\t\t\t\t\t<\/div>\n\t\t<\/div>\n\t\t\t\t<div class=\"elementor-column elementor-col-50 elementor-top-column elementor-element elementor-element-9aabb19\" data-id=\"9aabb19\" data-element_type=\"column\" data-e-type=\"column\">\n\t\t\t<div class=\"elementor-widget-wrap elementor-element-populated\">\n\t\t\t\t\t\t<div class=\"elementor-element elementor-element-9aac0a5 elementor-widget elementor-widget-stm_icon_box\" data-id=\"9aac0a5\" data-element_type=\"widget\" data-e-type=\"widget\" data-widget_type=\"stm_icon_box.default\">\n\t\t\t\t<div class=\"elementor-widget-container\">\n\t\t\t\t\t\n\n\n            <div onClick=\"return true\" class=\"icon_box  elementor-consulting-icon-box hexagon hexanog_animation style_1 icon_left clearfix\">\n                <div class=\"icon  font-color_default font-color_base_bg\" style=\"width:78px\">\n            <i style=\"font-size:23px;  \"\n               class=\"stm-home\"><\/i><\/div>\n        <div class=\"icon_text\">\n                    <h5  class=\"font-color_base no_stripe\">Financial Services<br \/>\nConsulting\n<\/h5>\n                <p>Our financial experts help you analyze financial data, to create a rock steady financial foundation.<\/p>\n    <\/div>\n            <\/div>\n    \n\t\t\t\t<\/div>\n\t\t\t\t<\/div>\n\t\t\t\t\t<\/div>\n\t\t<\/div>\n\t\t\t\t\t<\/div>\n\t\t<\/section>\n\t\t\t\t<section class=\"elementor-section elementor-top-section elementor-element elementor-element-9aac24f elementor-section-boxed elementor-section-height-default elementor-section-height-default\" data-id=\"9aac24f\" data-element_type=\"section\" data-e-type=\"section\">\n\t\t\t\t\t\t<div class=\"elementor-container elementor-column-gap-default\">\n\t\t\t\t\t<div class=\"elementor-column elementor-col-50 elementor-top-column elementor-element elementor-element-9aac84d\" data-id=\"9aac84d\" data-element_type=\"column\" data-e-type=\"column\">\n\t\t\t<div class=\"elementor-widget-wrap elementor-element-populated\">\n\t\t\t\t\t\t<div class=\"elementor-element elementor-element-9aacd50 elementor-widget elementor-widget-stm_icon_box\" data-id=\"9aacd50\" data-element_type=\"widget\" data-e-type=\"widget\" data-widget_type=\"stm_icon_box.default\">\n\t\t\t\t<div class=\"elementor-widget-container\">\n\t\t\t\t\t\n\n\n            <div onClick=\"return true\" class=\"icon_box  elementor-consulting-icon-box hexagon hexanog_animation style_1 icon_left clearfix\">\n                <div class=\"icon  font-color_default font-color_base_bg\" style=\"width:78px\">\n            <i style=\"font-size:27px;  \"\n               class=\"stm-lamp\"><\/i><\/div>\n        <div class=\"icon_text\">\n                    <h5  class=\"font-color_base no_stripe\">Energy and Environment<br \/>\nConsulting\n<\/h5>\n                <p>We work with energy companies to increase their efficiency and eliminate any environmentally harmful practices.<\/p>\n    <\/div>\n            <\/div>\n    \n\t\t\t\t<\/div>\n\t\t\t\t<\/div>\n\t\t\t\t\t<\/div>\n\t\t<\/div>\n\t\t\t\t<div class=\"elementor-column elementor-col-50 elementor-top-column elementor-element elementor-element-9aacee9\" data-id=\"9aacee9\" data-element_type=\"column\" data-e-type=\"column\">\n\t\t\t<div class=\"elementor-widget-wrap elementor-element-populated\">\n\t\t\t\t\t\t<div class=\"elementor-element elementor-element-9aad48d elementor-widget elementor-widget-stm_icon_box\" data-id=\"9aad48d\" data-element_type=\"widget\" data-e-type=\"widget\" data-widget_type=\"stm_icon_box.default\">\n\t\t\t\t<div class=\"elementor-widget-container\">\n\t\t\t\t\t\n\n\n            <div onClick=\"return true\" class=\"icon_box  elementor-consulting-icon-box hexagon hexanog_animation style_1 icon_left clearfix\">\n                <div class=\"icon  font-color_default font-color_base_bg\" style=\"width:78px\">\n            <i style=\"font-size:19px;  \"\n               class=\"stm-truck\"><\/i><\/div>\n        <div class=\"icon_text\">\n                    <h5  class=\"font-color_base no_stripe\">TAX Services<br \/>\nConsulting\n<\/h5>\n                <p>We are a company that offers design and build services for you from initial sketches to the final construction.<\/p>\n    <\/div>\n            <\/div>\n    \n\t\t\t\t<\/div>\n\t\t\t\t<\/div>\n\t\t\t\t\t<\/div>\n\t\t<\/div>\n\t\t\t\t\t<\/div>\n\t\t<\/section>\n\t\t\t\t\t<\/div>\n\t\t<\/div>\n\t\t\t\t<div class=\"elementor-column elementor-col-25 elementor-top-column elementor-element elementor-element-9aad657 elementor-hidden-tablet elementor-hidden-phone\" data-id=\"9aad657\" data-element_type=\"column\" data-e-type=\"column\">\n\t\t\t<div class=\"elementor-widget-wrap elementor-element-populated\">\n\t\t\t\t\t\t<div class=\"elementor-element elementor-element-9aadb86 elementor-widget elementor-widget-stm_sidebar\" data-id=\"9aadb86\" data-element_type=\"widget\" data-e-type=\"widget\" data-widget_type=\"stm_sidebar.default\">\n\t\t\t\t<div class=\"elementor-widget-container\">\n\t\t\t\t\t\n<div class=\"stm_sidebar consulting_elementor_sidebar\">\n\n            \t\t<div data-elementor-type=\"wp-post\" data-elementor-id=\"311\" class=\"elementor elementor-311\">\n\t\t\t\t\t\t<section class=\"elementor-section elementor-top-section elementor-element elementor-element-b790bed elementor-section-boxed elementor-section-height-default elementor-section-height-default\" data-id=\"b790bed\" data-element_type=\"section\" data-e-type=\"section\" data-settings=\"{&quot;background_background&quot;:&quot;classic&quot;}\">\n\t\t\t\t\t\t<div class=\"elementor-container elementor-column-gap-default\">\n\t\t\t\t\t<div class=\"elementor-column elementor-col-100 elementor-top-column elementor-element elementor-element-b791581\" data-id=\"b791581\" data-element_type=\"column\" data-e-type=\"column\">\n\t\t\t<div class=\"elementor-widget-wrap elementor-element-populated\">\n\t\t\t\t\t\t<div class=\"elementor-element elementor-element-b791bf9 mb-30 elementor-widget elementor-widget-wp-widget-nav_menu\" data-id=\"b791bf9\" data-element_type=\"widget\" data-e-type=\"widget\" data-widget_type=\"wp-widget-nav_menu.default\">\n\t\t\t\t<div class=\"elementor-widget-container\">\n\t\t\t\t\t<aside class='widget widget_nav_menu'><div class=\"menu-main-menu-container\"><ul id=\"menu-main-menu\" class=\"menu\"><li id=\"menu-item-3000\" class=\"menu-item menu-item-type-post_type menu-item-object-page menu-item-home menu-item-3000\"><a href=\"https:\/\/www.ngs.com.ec\/\">Home<\/a><\/li>\n<li id=\"menu-item-3005\" class=\"menu-item menu-item-type-post_type menu-item-object-page menu-item-has-children menu-item-3005\"><a href=\"https:\/\/www.ngs.com.ec\/?page_id=9\">Nosotros<\/a>\n<ul class=\"sub-menu\">\n\t<li id=\"menu-item-3009\" class=\"menu-item menu-item-type-post_type menu-item-object-page menu-item-has-children menu-item-3009\"><a href=\"https:\/\/www.ngs.com.ec\/?page_id=377\">Historia<\/a>\n\t<ul class=\"sub-menu\">\n\t\t<li id=\"menu-item-3062\" class=\"menu-item menu-item-type-post_type menu-item-object-page menu-item-3062\"><a href=\"https:\/\/www.ngs.com.ec\/?page_id=9\">NGS<\/a><\/li>\n\t\t<li id=\"menu-item-3060\" class=\"menu-item menu-item-type-post_type menu-item-object-page menu-item-3060\"><a href=\"https:\/\/www.ngs.com.ec\/?page_id=1501\">CSIRT \/ SOC<\/a><\/li>\n\t<\/ul>\n<\/li>\n\t<li id=\"menu-item-3012\" class=\"menu-item menu-item-type-post_type menu-item-object-page menu-item-3012\"><a href=\"https:\/\/www.ngs.com.ec\/?page_id=390\">Fabricantes<\/a><\/li>\n<\/ul>\n<\/li>\n<li id=\"menu-item-3600\" class=\"menu-item menu-item-type-post_type menu-item-object-page menu-item-3600\"><a href=\"https:\/\/www.ngs.com.ec\/?page_id=11\">Reporte de Incidentes<\/a><\/li>\n<li id=\"menu-item-3021\" class=\"menu-item menu-item-type-post_type menu-item-object-page menu-item-has-children menu-item-3021\"><a href=\"https:\/\/www.ngs.com.ec\/?page_id=558\">Verticales<\/a>\n<ul class=\"sub-menu\">\n\t<li id=\"menu-item-3047\" class=\"menu-item menu-item-type-post_type menu-item-object-page menu-item-3047\"><a href=\"https:\/\/www.ngs.com.ec\/?page_id=558\">Servicios<\/a><\/li>\n\t<li id=\"menu-item-3071\" class=\"menu-item menu-item-type-post_type menu-item-object-page menu-item-3071\"><a href=\"https:\/\/www.ngs.com.ec\/?page_id=1647\">Consultor\u00eda<\/a><\/li>\n\t<li id=\"menu-item-3030\" class=\"menu-item menu-item-type-post_type menu-item-object-stm_service menu-item-3030\"><a href=\"https:\/\/www.ngs.com.ec\/?stm_service=vertical-soc\">SOC \/ CSIRT<\/a><\/li>\n\t<li id=\"menu-item-3032\" class=\"menu-item menu-item-type-post_type menu-item-object-stm_service menu-item-3032\"><a href=\"https:\/\/www.ngs.com.ec\/?stm_service=educacion\">Educaci\u00f3n<\/a><\/li>\n<\/ul>\n<\/li>\n<li id=\"menu-item-35\" class=\"menu-item menu-item-type-custom menu-item-object-custom menu-item-has-children menu-item-35\"><a href=\"\/blog\/?layout=grid&#038;sidebar_id=none\">Noticias<\/a>\n<ul class=\"sub-menu\">\n\t<li id=\"menu-item-3086\" class=\"menu-item menu-item-type-custom menu-item-object-custom menu-item-3086\"><a href=\"https:\/\/cert.slogic-ec.com\">ALERTAS<\/a><\/li>\n\t<li id=\"menu-item-3042\" class=\"menu-item menu-item-type-post_type menu-item-object-stm_works menu-item-3042\"><a href=\"https:\/\/www.ngs.com.ec\/?stm_works=constructing-a-best-in-class-global\">INFORMATIVO<\/a><\/li>\n<\/ul>\n<\/li>\n<li id=\"menu-item-3084\" class=\"menu-item menu-item-type-post_type menu-item-object-page menu-item-3084\"><a href=\"https:\/\/www.ngs.com.ec\/?page_id=1483\">Contactos<\/a><\/li>\n<\/ul><\/div><\/aside>\t\t\t\t<\/div>\n\t\t\t\t<\/div>\n\t\t\t\t<div class=\"elementor-element elementor-element-b7921da elementor-align-left elementor-widget elementor-widget-button\" data-id=\"b7921da\" data-element_type=\"widget\" data-e-type=\"widget\" data-widget_type=\"button.default\">\n\t\t\t\t<div class=\"elementor-widget-container\">\n\t\t\t\t\t\t\t\t\t<div class=\"elementor-button-wrapper icon_align_  button_block\">\n\t\t\t\t\t<a class=\"elementor-button elementor-button-link elementor-size-lg\" href=\"#\">\n\t\t\t\t\t\t<span class=\"elementor-button-content-wrapper\">\n\t\t\t\t\t\t<span class=\"elementor-button-icon\">\n\t\t\t\t<i aria-hidden=\"true\" class=\"fa fa-file-pdf-o\"><\/i>\t\t\t<\/span>\n\t\t\t\t\t\t\t\t\t<span class=\"elementor-button-text\">Company presentation<\/span>\n\t\t\t\t\t<\/span>\n\t\t\t\t\t<\/a>\n\t\t\t\t<\/div>\n\t\t\t\t\t\t\t\t<\/div>\n\t\t\t\t<\/div>\n\t\t\t\t\t<\/div>\n\t\t<\/div>\n\t\t\t\t\t<\/div>\n\t\t<\/section>\n\t\t\t\t<section class=\"elementor-section elementor-top-section elementor-element elementor-element-b7934b2 third_bg_color elementor-section-boxed elementor-section-height-default elementor-section-height-default\" data-id=\"b7934b2\" data-element_type=\"section\" data-e-type=\"section\" data-settings=\"{&quot;background_background&quot;:&quot;classic&quot;}\">\n\t\t\t\t\t\t<div class=\"elementor-container elementor-column-gap-default\">\n\t\t\t\t\t<div class=\"elementor-column elementor-col-100 elementor-top-column elementor-element elementor-element-b793d0f\" data-id=\"b793d0f\" data-element_type=\"column\" data-e-type=\"column\" data-settings=\"{&quot;background_background&quot;:&quot;classic&quot;}\">\n\t\t\t<div class=\"elementor-widget-wrap elementor-element-populated\">\n\t\t\t\t\t\t<div class=\"elementor-element elementor-element-b79448d elementor-widget elementor-widget-vc_custom_heading\" data-id=\"b79448d\" data-element_type=\"widget\" data-e-type=\"widget\" data-widget_type=\"vc_custom_heading.default\">\n\t\t\t\t<div class=\"elementor-widget-container\">\n\t\t\t\t\t<div class=\" vc_custom_heading  consulting_heading_font  text_align_left\" ><div style=\"font-size: 16px;color: #ffffff;text-align: left;font-weight:700\" class=\"consulting-custom-title\">how can we help you?\n<\/div><\/div>\t\t\t\t<\/div>\n\t\t\t\t<\/div>\n\t\t\t\t<div class=\"elementor-element elementor-element-b794b43 elementor-widget elementor-widget-text-editor\" data-id=\"b794b43\" data-element_type=\"widget\" data-e-type=\"widget\" data-widget_type=\"text-editor.default\">\n\t\t\t\t<div class=\"elementor-widget-container\">\n\t\t\t\t\t\t\t\t\t<p><span style=\"font-size: 13px; line-height: 22px; color: #ffffff;\">Contact us at the Consulting WP office nearest to you or submit a business inquiry online.<\/span><\/p>\n\t\t\t\t\t\t\t\t<\/div>\n\t\t\t\t<\/div>\n\t\t\t\t<div class=\"elementor-element elementor-element-b796801 elementor-widget__width-auto elementor-widget elementor-widget-button\" data-id=\"b796801\" data-element_type=\"widget\" data-e-type=\"widget\" data-widget_type=\"button.default\">\n\t\t\t\t<div class=\"elementor-widget-container\">\n\t\t\t\t\t\t\t\t\t<div class=\"elementor-button-wrapper icon_align_  \">\n\t\t\t\t\t<a class=\"elementor-button elementor-button-link elementor-size-sm\" href=\"#\">\n\t\t\t\t\t\t<span class=\"elementor-button-content-wrapper\">\n\t\t\t\t\t\t<span class=\"elementor-button-icon\">\n\t\t\t\t<i aria-hidden=\"true\" class=\"fa fa-phone-square\"><\/i>\t\t\t<\/span>\n\t\t\t\t\t\t\t\t\t<span class=\"elementor-button-text\">contacts<\/span>\n\t\t\t\t\t<\/span>\n\t\t\t\t\t<\/a>\n\t\t\t\t<\/div>\n\t\t\t\t\t\t\t\t<\/div>\n\t\t\t\t<\/div>\n\t\t\t\t\t<\/div>\n\t\t<\/div>\n\t\t\t\t\t<\/div>\n\t\t<\/section>\n\t\t\t\t<section class=\"elementor-section elementor-top-section elementor-element elementor-element-b79748b elementor-section-boxed elementor-section-height-default elementor-section-height-default\" data-id=\"b79748b\" data-element_type=\"section\" data-e-type=\"section\">\n\t\t\t\t\t\t<div class=\"elementor-container elementor-column-gap-default\">\n\t\t\t\t\t<div class=\"elementor-column elementor-col-100 elementor-top-column elementor-element elementor-element-b797b06\" data-id=\"b797b06\" data-element_type=\"column\" data-e-type=\"column\">\n\t\t\t<div class=\"elementor-widget-wrap elementor-element-populated\">\n\t\t\t\t\t\t<div class=\"elementor-element elementor-element-b798012 elementor-widget elementor-widget-stm_testimonials\" data-id=\"b798012\" data-element_type=\"widget\" data-e-type=\"widget\" data-widget_type=\"stm_testimonials.default\">\n\t\t\t\t<div class=\"elementor-widget-container\">\n\t\t\t\t\t\n\n            <div class=\"stm_testimonials consulting_elementor_testimonials style_1\">\n                            <div class=\"item\">\n                    <div class=\"testimonial\"><p>NGS &#8211; SECURITYLOGIC, ha sido nuestro aliado estrat\u00e9gico por m\u00e1s de 5 a\u00f1os, colaborando activamente en la implementaci\u00f3n de los proyectos tecnol\u00f3gicos que nos hemos planteado.<\/p>\n<\/div>\n                    <div class=\"testimonial-info clearfix\">\n                        <div class=\"testimonial-image\"><img decoding=\"async\" width=\"50\" height=\"50\" src=\"https:\/\/www.ngs.com.ec\/wp-content\/uploads\/2015\/12\/placeholder-4-50x50.gif\" class=\"attachment-consulting-image-50x50-croped size-consulting-image-50x50-croped wp-post-image\" alt=\"theme_placeholder\" srcset=\"https:\/\/www.ngs.com.ec\/wp-content\/uploads\/2015\/12\/placeholder-4-50x50.gif 50w, https:\/\/www.ngs.com.ec\/wp-content\/uploads\/2015\/12\/placeholder-4-150x150.gif 150w, https:\/\/www.ngs.com.ec\/wp-content\/uploads\/2015\/12\/placeholder-4-320x320.gif 320w, https:\/\/www.ngs.com.ec\/wp-content\/uploads\/2015\/12\/placeholder-4-300x300.gif 300w, https:\/\/www.ngs.com.ec\/wp-content\/uploads\/2015\/12\/placeholder-4-100x100.gif 100w\" sizes=\"(max-width: 50px) 100vw, 50px\" \/><\/div>\n                        <div class=\"testimonial-text\">\n                            <div class=\"name\">C\u00e9sar Obando<\/div>\n                            <div class=\"company\">\n                                Jefe de Sistemas y Tecnolog\u00eda, Coac. Alianza del Valle                            <\/div>\n                        <\/div>\n                    <\/div>\n                <\/div>\n                    <\/div>\n    \n\t\t\t\t<\/div>\n\t\t\t\t<\/div>\n\t\t\t\t\t<\/div>\n\t\t<\/div>\n\t\t\t\t\t<\/div>\n\t\t<\/section>\n\t\t\t\t<\/div>\n\t\t    \n<\/div>\t\t\t\t<\/div>\n\t\t\t\t<\/div>\n\t\t\t\t\t<\/div>\n\t\t<\/div>\n\t\t\t\t\t<\/div>\n\t\t<\/section>\n\t\t\t\t<section class=\"elementor-section elementor-top-section elementor-element elementor-element-9aadc52 third_bg_color elementor-section-boxed elementor-section-height-default elementor-section-height-default\" data-id=\"9aadc52\" data-element_type=\"section\" data-e-type=\"section\" data-settings=\"{&quot;background_background&quot;:&quot;classic&quot;}\">\n\t\t\t\t\t\t<div class=\"elementor-container elementor-column-gap-default\">\n\t\t\t\t\t<div class=\"elementor-column elementor-col-100 elementor-top-column elementor-element elementor-element-9aae275\" data-id=\"9aae275\" data-element_type=\"column\" data-e-type=\"column\">\n\t\t\t<div class=\"elementor-widget-wrap elementor-element-populated\">\n\t\t\t\t\t\t<div class=\"elementor-element elementor-element-9aae780 elementor-widget elementor-widget-vc_cta\" data-id=\"9aae780\" data-element_type=\"widget\" data-e-type=\"widget\" data-widget_type=\"vc_cta.default\">\n\t\t\t\t<div class=\"elementor-widget-container\">\n\t\t\t\t\t\n<div class=\"ce_cta ce_cta_1e518d30dea6c4e4e1c06cf46e501727 ce_text_left third_bg_color add_button_right btn_align_right btn_button_block_ btn_has_icon btn_has_icon_on_the_right\" id=\"\">\n\n    <div class=\"ce_cta__content\">\n        <div class=\"ce_cta__content__header\">\n            <h2  class='ce_cta__content__title '>Looking for a First-Class Business Plan Consultant?<\/h2>                    <\/div>\n\n        \n    <\/div>\n\n    \n        <div class=\"ce_cta__action\">\n            <a href=\"#\"\n                              target=\"_self\"\n               class=\"button \">\n                <span>get a quote<\/span>\n                                    <i class=\"fa fa-chevron-right\"><\/i>\n                            <\/a>\n        <\/div>\n\n    \n<\/div>\n\t\t\t\t<\/div>\n\t\t\t\t<\/div>\n\t\t\t\t\t<\/div>\n\t\t<\/div>\n\t\t\t\t\t<\/div>\n\t\t<\/section>\n\t\t\t\t<\/div>\n\t\t","protected":false},"excerpt":{"rendered":"<p>our approach Consulting WP approaches every client\u2019s business as if it were our own. We believe a consulting firm should be more than an advisor. We put ourselves in our clients\u2019 shoes, align our incentives with their objectives, and collaborate to unlock the full potential of their business. This builds deep and enjoyable relationships. The<\/p>\n","protected":false},"author":1,"featured_media":0,"parent":9,"menu_order":0,"comment_status":"closed","ping_status":"closed","template":"","meta":{"footnotes":""},"class_list":["post-344","page","type-page","status-publish","hentry"],"_links":{"self":[{"href":"https:\/\/www.ngs.com.ec\/index.php?rest_route=\/wp\/v2\/pages\/344","targetHints":{"allow":["GET"]}}],"collection":[{"href":"https:\/\/www.ngs.com.ec\/index.php?rest_route=\/wp\/v2\/pages"}],"about":[{"href":"https:\/\/www.ngs.com.ec\/index.php?rest_route=\/wp\/v2\/types\/page"}],"author":[{"embeddable":true,"href":"https:\/\/www.ngs.com.ec\/index.php?rest_route=\/wp\/v2\/users\/1"}],"replies":[{"embeddable":true,"href":"https:\/\/www.ngs.com.ec\/index.php?rest_route=%2Fwp%2Fv2%2Fcomments&post=344"}],"version-history":[{"count":0,"href":"https:\/\/www.ngs.com.ec\/index.php?rest_route=\/wp\/v2\/pages\/344\/revisions"}],"up":[{"embeddable":true,"href":"https:\/\/www.ngs.com.ec\/index.php?rest_route=\/wp\/v2\/pages\/9"}],"wp:attachment":[{"href":"https:\/\/www.ngs.com.ec\/index.php?rest_route=%2Fwp%2Fv2%2Fmedia&parent=344"}],"curies":[{"name":"wp","href":"https:\/\/api.w.org\/{rel}","templated":true}]}}